{"id":101176,"date":"2025-12-07T21:29:33","date_gmt":"2025-12-07T18:29:33","guid":{"rendered":"https:\/\/baldumarket.lt\/?post_type=product&#038;p=101176"},"modified":"2026-02-11T02:37:13","modified_gmt":"2026-02-10T23:37:13","slug":"a-811-1-premium-gr-l1","status":"publish","type":"product","link":"https:\/\/baldumarket.lt\/lt\/product\/a-811-1-premium-gr-l1\/","title":{"rendered":"A-811\/1 Premium Gr-L1"},"content":{"rendered":"<p>811 k\u0117d\u0117 ir fotelis yra \u201cam\u017einai \u017ealiuojantys\u201d augalai, kuri\u0173 i\u0161takos siekia XX a. 4-\u0105j\u012f de\u0161imtmet\u012f. Originalus dizainas priskiriamas Josephui Hoffmanui, Oswaldui Haerdtlui arba Josefui Frankui. \u0160is universalus ir ikoni\u0161kas modelis yra lygaus, apmu\u0161to ir matinio pavir\u0161iaus.<\/p>","protected":false},"excerpt":{"rendered":"<p>811 k\u0117d\u0117 ir fotelis yra \u201cam\u017einai \u017ealiuojantys\u201d augalai, kuri\u0173 i\u0161takos siekia XX a. 4-\u0105j\u012f de\u0161imtmet\u012f. Originalus dizainas priskiriamas Josephui Hoffmanui, Oswaldui Haerdtlui arba Josefui Frankui. \u0160is universalus ir ikoni\u0161kas modelis yra lygaus, apmu\u0161to ir matinio pavir\u0161iaus.<\/p>","protected":false},"featured_media":101167,"comment_status":"open","ping_status":"closed","template":"","meta":[],"product_brand":[],"product_cat":[9133],"product_tag":[],"class_list":{"0":"post-101176","1":"product","2":"type-product","3":"status-publish","4":"has-post-thumbnail","6":"product_cat-grouped","8":"first","9":"instock","10":"shipping-taxable","11":"product-type-variable","12":"wvs-archive-product-wrapper"},"_links":{"self":[{"href":"https:\/\/baldumarket.lt\/lt\/wp-json\/wp\/v2\/product\/101176","targetHints":{"allow":["GET"]}}],"collection":[{"href":"https:\/\/baldumarket.lt\/lt\/wp-json\/wp\/v2\/product"}],"about":[{"href":"https:\/\/baldumarket.lt\/lt\/wp-json\/wp\/v2\/types\/product"}],"replies":[{"embeddable":true,"href":"https:\/\/baldumarket.lt\/lt\/wp-json\/wp\/v2\/comments?post=101176"}],"wp:featuredmedia":[{"embeddable":true,"href":"https:\/\/baldumarket.lt\/lt\/wp-json\/wp\/v2\/media\/101167"}],"wp:attachment":[{"href":"https:\/\/baldumarket.lt\/lt\/wp-json\/wp\/v2\/media?parent=101176"}],"wp:term":[{"taxonomy":"product_brand","embeddable":true,"href":"https:\/\/baldumarket.lt\/lt\/wp-json\/wp\/v2\/product_brand?post=101176"},{"taxonomy":"product_cat","embeddable":true,"href":"https:\/\/baldumarket.lt\/lt\/wp-json\/wp\/v2\/product_cat?post=101176"},{"taxonomy":"product_tag","embeddable":true,"href":"https:\/\/baldumarket.lt\/lt\/wp-json\/wp\/v2\/product_tag?post=101176"}],"curies":[{"name":"wp","href":"https:\/\/api.w.org\/{rel}","templated":true}]}}