{"id":101127,"date":"2025-12-07T21:17:45","date_gmt":"2025-12-07T18:17:45","guid":{"rendered":"https:\/\/baldumarket.lt\/?post_type=product&#038;p=101127"},"modified":"2026-02-11T02:57:21","modified_gmt":"2026-02-10T23:57:21","slug":"a-788-vert-premium","status":"publish","type":"product","link":"https:\/\/baldumarket.lt\/lt\/product\/a-788-vert-premium\/","title":{"rendered":"A-788 VERT Premium"},"content":{"rendered":"<p>Tradicin\u0117 lenkta medin\u0117 A-788 VER k\u0117d\u0117, d\u0117l netradicin\u0117s spalv\u0173 apdailos ir apmu\u0161al\u0173, gali tapti fenomenaliu dizainu, idealiai tinkan\u010diu daugeliui restoran\u0173, vie\u0161bu\u010di\u0173 ir nam\u0173 erdvi\u0173.<\/p>","protected":false},"excerpt":{"rendered":"<p>Tradicin\u0117 lenkta medin\u0117 A-788 VER k\u0117d\u0117, d\u0117l netradicin\u0117s spalv\u0173 apdailos ir apmu\u0161al\u0173, gali tapti fenomenaliu dizainu, idealiai tinkan\u010diu daugeliui restoran\u0173, vie\u0161bu\u010di\u0173 ir nam\u0173 erdvi\u0173.<\/p>","protected":false},"featured_media":101118,"comment_status":"open","ping_status":"closed","template":"","meta":[],"product_brand":[],"product_cat":[9133],"product_tag":[],"class_list":{"0":"post-101127","1":"product","2":"type-product","3":"status-publish","4":"has-post-thumbnail","6":"product_cat-grouped","8":"first","9":"instock","10":"shipping-taxable","11":"product-type-variable","12":"wvs-archive-product-wrapper"},"_links":{"self":[{"href":"https:\/\/baldumarket.lt\/lt\/wp-json\/wp\/v2\/product\/101127","targetHints":{"allow":["GET"]}}],"collection":[{"href":"https:\/\/baldumarket.lt\/lt\/wp-json\/wp\/v2\/product"}],"about":[{"href":"https:\/\/baldumarket.lt\/lt\/wp-json\/wp\/v2\/types\/product"}],"replies":[{"embeddable":true,"href":"https:\/\/baldumarket.lt\/lt\/wp-json\/wp\/v2\/comments?post=101127"}],"wp:featuredmedia":[{"embeddable":true,"href":"https:\/\/baldumarket.lt\/lt\/wp-json\/wp\/v2\/media\/101118"}],"wp:attachment":[{"href":"https:\/\/baldumarket.lt\/lt\/wp-json\/wp\/v2\/media?parent=101127"}],"wp:term":[{"taxonomy":"product_brand","embeddable":true,"href":"https:\/\/baldumarket.lt\/lt\/wp-json\/wp\/v2\/product_brand?post=101127"},{"taxonomy":"product_cat","embeddable":true,"href":"https:\/\/baldumarket.lt\/lt\/wp-json\/wp\/v2\/product_cat?post=101127"},{"taxonomy":"product_tag","embeddable":true,"href":"https:\/\/baldumarket.lt\/lt\/wp-json\/wp\/v2\/product_tag?post=101127"}],"curies":[{"name":"wp","href":"https:\/\/api.w.org\/{rel}","templated":true}]}}