{"id":101079,"date":"2025-12-07T21:05:00","date_gmt":"2025-12-07T18:05:00","guid":{"rendered":"https:\/\/baldumarket.lt\/?post_type=product&#038;p=101079"},"modified":"2026-04-12T14:53:45","modified_gmt":"2026-04-12T11:53:45","slug":"a-788-fan-standard-gr-b","status":"publish","type":"product","link":"https:\/\/baldumarket.lt\/lt\/product\/a-788-fan-standard-gr-b\/","title":{"rendered":"A-788 FAN Standartinis Gr-B"},"content":{"rendered":"<p>\u0160ios gerai \u017einomos ir pam\u0117gtos A-165 k\u0117d\u0117s prototipas buvo sukurtas 1885 m. K\u0117d\u0117 pagaminta naudojant originali\u0105 \u201eThonet\u201c buko medienos lenkimo technologij\u0105. B\u016bdingas \u0161io modelio bruo\u017eas \u2013 atlo\u0161\u0105 u\u017epildantis faneros v\u0117duoklis.<\/p>","protected":false},"excerpt":{"rendered":"<p>\u0160ios gerai \u017einomos ir pam\u0117gtos A-165 k\u0117d\u0117s prototipas buvo sukurtas 1885 m. K\u0117d\u0117 pagaminta naudojant originali\u0105 \u201eThonet\u201c buko medienos lenkimo technologij\u0105. B\u016bdingas \u0161io modelio bruo\u017eas \u2013 atlo\u0161\u0105 u\u017epildantis faneros v\u0117duoklis.<\/p>","protected":false},"featured_media":101086,"comment_status":"open","ping_status":"closed","template":"","meta":[],"product_brand":[],"product_cat":[9133],"product_tag":[],"class_list":{"0":"post-101079","1":"product","2":"type-product","3":"status-publish","4":"has-post-thumbnail","6":"product_cat-grouped","8":"first","9":"instock","10":"shipping-taxable","11":"product-type-variable","12":"wvs-archive-product-wrapper"},"_links":{"self":[{"href":"https:\/\/baldumarket.lt\/lt\/wp-json\/wp\/v2\/product\/101079","targetHints":{"allow":["GET"]}}],"collection":[{"href":"https:\/\/baldumarket.lt\/lt\/wp-json\/wp\/v2\/product"}],"about":[{"href":"https:\/\/baldumarket.lt\/lt\/wp-json\/wp\/v2\/types\/product"}],"replies":[{"embeddable":true,"href":"https:\/\/baldumarket.lt\/lt\/wp-json\/wp\/v2\/comments?post=101079"}],"wp:featuredmedia":[{"embeddable":true,"href":"https:\/\/baldumarket.lt\/lt\/wp-json\/wp\/v2\/media\/101086"}],"wp:attachment":[{"href":"https:\/\/baldumarket.lt\/lt\/wp-json\/wp\/v2\/media?parent=101079"}],"wp:term":[{"taxonomy":"product_brand","embeddable":true,"href":"https:\/\/baldumarket.lt\/lt\/wp-json\/wp\/v2\/product_brand?post=101079"},{"taxonomy":"product_cat","embeddable":true,"href":"https:\/\/baldumarket.lt\/lt\/wp-json\/wp\/v2\/product_cat?post=101079"},{"taxonomy":"product_tag","embeddable":true,"href":"https:\/\/baldumarket.lt\/lt\/wp-json\/wp\/v2\/product_tag?post=101079"}],"curies":[{"name":"wp","href":"https:\/\/api.w.org\/{rel}","templated":true}]}}