{"id":101066,"date":"2025-12-07T21:03:54","date_gmt":"2025-12-07T18:03:54","guid":{"rendered":"https:\/\/baldumarket.lt\/?post_type=product&#038;p=101066"},"modified":"2026-02-11T02:37:03","modified_gmt":"2026-02-10T23:37:03","slug":"a-5910-premium-gr-l1","status":"publish","type":"product","link":"https:\/\/baldumarket.lt\/lt\/product\/a-5910-premium-gr-l1\/","title":{"rendered":"A-5910 Premium Gr-L1"},"content":{"rendered":"<p>\u201cLazdel\u0117s\u201d formos k\u0117d\u0117, pagaminta i\u0161 kilmingos buko medienos ir formuotos faneros, primena klasikines \u201eWindsor\u201c k\u0117des, labai populiarias Anglijoje XVIII am\u017eiuje, o v\u0117liau Amerikoje ir Skandinavijoje. I\u0161skirtinis k\u0117d\u017ei\u0173 bruo\u017eas \u2013 a\u017e\u016brin\u0117 atlo\u0161o konstrukcija, susidedanti i\u0161 a\u0161tuoni\u0173 centre besit\u0119sian\u010di\u0173 atlo\u0161o pakop\u0173, \u012fmontuot\u0173 \u012f masyvi\u0105 s\u0117dyn\u0119. Ne\u012fprasta, minimalistin\u0117 H formos koj\u0173 jungtis, didinanti patvarum\u0105, tapo vienu i\u0161 atpa\u017e\u012fstam\u0173 \u0161io modelio bruo\u017e\u0173.<br \/>\nMed\u017eiaga: nat\u016bralus bukas<br \/>\nDizainas: Marian Grabi\u0144ski<br \/>\nMetai: 1959<\/p>","protected":false},"excerpt":{"rendered":"<p>\u201cLazdos\u201d formos k\u0117d\u0117, pagaminta i\u0161 kilmingos buko medienos ir formuotos faneros, primena klasikines \u201eWindsor\u201c k\u0117des, labai populiarias Anglijoje XVIII am\u017eiuje, o v\u0117liau Amerikoje ir Skandinavijoje. I\u0161skirtinis k\u0117d\u017ei\u0173 bruo\u017eas \u2013 a\u017e\u016brin\u0117 atlo\u0161o konstrukcija, susidedanti i\u0161 a\u0161tuoni\u0173 centre besit\u0119sian\u010di\u0173 atlo\u0161o pakop\u0173, \u012fmontuot\u0173 \u012f masyvi\u0105 s\u0117dyn\u0119. [\u2026]<\/p>","protected":false},"featured_media":101067,"comment_status":"open","ping_status":"closed","template":"","meta":[],"product_brand":[],"product_cat":[9133],"product_tag":[],"class_list":{"0":"post-101066","1":"product","2":"type-product","3":"status-publish","4":"has-post-thumbnail","6":"product_cat-grouped","8":"first","9":"instock","10":"shipping-taxable","11":"product-type-variable","12":"wvs-archive-product-wrapper"},"_links":{"self":[{"href":"https:\/\/baldumarket.lt\/lt\/wp-json\/wp\/v2\/product\/101066","targetHints":{"allow":["GET"]}}],"collection":[{"href":"https:\/\/baldumarket.lt\/lt\/wp-json\/wp\/v2\/product"}],"about":[{"href":"https:\/\/baldumarket.lt\/lt\/wp-json\/wp\/v2\/types\/product"}],"replies":[{"embeddable":true,"href":"https:\/\/baldumarket.lt\/lt\/wp-json\/wp\/v2\/comments?post=101066"}],"wp:featuredmedia":[{"embeddable":true,"href":"https:\/\/baldumarket.lt\/lt\/wp-json\/wp\/v2\/media\/101067"}],"wp:attachment":[{"href":"https:\/\/baldumarket.lt\/lt\/wp-json\/wp\/v2\/media?parent=101066"}],"wp:term":[{"taxonomy":"product_brand","embeddable":true,"href":"https:\/\/baldumarket.lt\/lt\/wp-json\/wp\/v2\/product_brand?post=101066"},{"taxonomy":"product_cat","embeddable":true,"href":"https:\/\/baldumarket.lt\/lt\/wp-json\/wp\/v2\/product_cat?post=101066"},{"taxonomy":"product_tag","embeddable":true,"href":"https:\/\/baldumarket.lt\/lt\/wp-json\/wp\/v2\/product_tag?post=101066"}],"curies":[{"name":"wp","href":"https:\/\/api.w.org\/{rel}","templated":true}]}}