{"id":100980,"date":"2025-12-07T20:07:22","date_gmt":"2025-12-07T17:07:22","guid":{"rendered":"https:\/\/baldumarket.lt\/?post_type=product&#038;p=100980"},"modified":"2026-04-12T00:52:17","modified_gmt":"2026-04-11T21:52:17","slug":"a-4-standard-gr-b","status":"publish","type":"product","link":"https:\/\/baldumarket.lt\/lt\/product\/a-4-standard-gr-b\/","title":{"rendered":"A-4 Standartinis Gr-B"},"content":{"rendered":"<p>A-4 k\u0117d\u0117 yra artimiausia garsiosios A-14 lenktos medienos k\u0117d\u0117s, pagamintos naudojant t\u0105 pa\u010di\u0105 tradicin\u0119, rankinio medienos lenkimo technologij\u0105, \u0161eimai. K\u0117d\u0117 Nr. 4 pasi\u017eymi lengva ir itin tvirta konstrukcija. A-4 k\u0117d\u0117 \u017eavi tobulu lenkt\u0173 atlo\u0161o element\u0173 atlikimu, kuris sukuria itin dekoratyv\u0173 \u0161irdies formos a\u017e\u016brin\u012f ra\u0161t\u0105. Plasti\u0161kumas, su kuriuo k\u0117d\u0117 Nr. 4 buvo suprojektuota ir pagaminta, paver\u010dia j\u0105 tikru taikomojo meno k\u016briniu.<br \/>\n#bentwood #bentwoodchair #fameg1881<\/p>","protected":false},"excerpt":{"rendered":"<p>A-4 k\u0117d\u0117 yra artimiausia garsiosios A-14 lenktos medienos k\u0117d\u0117s, pagamintos naudojant t\u0105 pa\u010di\u0105 tradicin\u0119, rankinio medienos lenkimo technologij\u0105, \u0161eimai. K\u0117d\u0117 Nr. 4 pasi\u017eymi lengva ir itin tvirta konstrukcija. A-4 k\u0117d\u0117 \u017eavi tobulu lenkt\u0173 atlo\u0161o element\u0173 atlikimu, kurie sukuria itin dekoratyv\u0173 \u0161irdies formos [\u2026]<\/p>","protected":false},"featured_media":101005,"comment_status":"open","ping_status":"closed","template":"","meta":[],"product_brand":[],"product_cat":[9133],"product_tag":[],"class_list":{"0":"post-100980","1":"product","2":"type-product","3":"status-publish","4":"has-post-thumbnail","6":"product_cat-grouped","8":"first","9":"instock","10":"shipping-taxable","11":"purchasable","12":"product-type-variable","13":"wvs-archive-product-wrapper"},"_links":{"self":[{"href":"https:\/\/baldumarket.lt\/lt\/wp-json\/wp\/v2\/product\/100980","targetHints":{"allow":["GET"]}}],"collection":[{"href":"https:\/\/baldumarket.lt\/lt\/wp-json\/wp\/v2\/product"}],"about":[{"href":"https:\/\/baldumarket.lt\/lt\/wp-json\/wp\/v2\/types\/product"}],"replies":[{"embeddable":true,"href":"https:\/\/baldumarket.lt\/lt\/wp-json\/wp\/v2\/comments?post=100980"}],"wp:featuredmedia":[{"embeddable":true,"href":"https:\/\/baldumarket.lt\/lt\/wp-json\/wp\/v2\/media\/101005"}],"wp:attachment":[{"href":"https:\/\/baldumarket.lt\/lt\/wp-json\/wp\/v2\/media?parent=100980"}],"wp:term":[{"taxonomy":"product_brand","embeddable":true,"href":"https:\/\/baldumarket.lt\/lt\/wp-json\/wp\/v2\/product_brand?post=100980"},{"taxonomy":"product_cat","embeddable":true,"href":"https:\/\/baldumarket.lt\/lt\/wp-json\/wp\/v2\/product_cat?post=100980"},{"taxonomy":"product_tag","embeddable":true,"href":"https:\/\/baldumarket.lt\/lt\/wp-json\/wp\/v2\/product_tag?post=100980"}],"curies":[{"name":"wp","href":"https:\/\/api.w.org\/{rel}","templated":true}]}}