{"id":100959,"date":"2025-12-07T20:05:56","date_gmt":"2025-12-07T17:05:56","guid":{"rendered":"https:\/\/baldumarket.lt\/?post_type=product&#038;p=100959"},"modified":"2026-02-03T23:53:04","modified_gmt":"2026-02-03T20:53:04","slug":"a-31-premium-gr-a","status":"publish","type":"product","link":"https:\/\/baldumarket.lt\/lt\/product\/a-31-premium-gr-a\/","title":{"rendered":"A-31 Premium Gr-A"},"content":{"rendered":"<p>A-31 k\u0117d\u0117 yra artimiausia garsiosios lenktos medienos k\u0117d\u0117s A-14 giminait\u0117, pagaminta naudojant t\u0105 pa\u010di\u0105 tradicin\u0119, rank\u0173 darbo lenkimo technologij\u0105. \u0160is modelis, d\u0117l dekoratyvinio buko stryp\u0173 atlo\u0161o i\u0161linkimo, yra toks pat populiarus kaip ir garsioji A-14. Pirmasis \u0161io modelio pamin\u0117jimas datuojamas 1885 m.<\/p>","protected":false},"excerpt":{"rendered":"<p>A-31 k\u0117d\u0117 yra artimiausia garsiosios lenktos medienos k\u0117d\u0117s A-14 giminait\u0117, pagaminta naudojant t\u0105 pa\u010di\u0105 tradicin\u0119, rank\u0173 darbo lenkimo technologij\u0105. \u0160is modelis, d\u0117l dekoratyvinio buko stryp\u0173 atlo\u0161o i\u0161linkimo, yra toks pat populiarus kaip ir garsioji A-14. Pirmasis \u0161io modelio pamin\u0117jimas datuojamas 1885 m.<\/p>","protected":false},"featured_media":100968,"comment_status":"open","ping_status":"closed","template":"","meta":[],"product_brand":[],"product_cat":[9133],"product_tag":[],"class_list":{"0":"post-100959","1":"product","2":"type-product","3":"status-publish","4":"has-post-thumbnail","6":"product_cat-grouped","8":"first","9":"instock","10":"shipping-taxable","11":"purchasable","12":"product-type-variable","13":"wvs-archive-product-wrapper"},"_links":{"self":[{"href":"https:\/\/baldumarket.lt\/lt\/wp-json\/wp\/v2\/product\/100959","targetHints":{"allow":["GET"]}}],"collection":[{"href":"https:\/\/baldumarket.lt\/lt\/wp-json\/wp\/v2\/product"}],"about":[{"href":"https:\/\/baldumarket.lt\/lt\/wp-json\/wp\/v2\/types\/product"}],"replies":[{"embeddable":true,"href":"https:\/\/baldumarket.lt\/lt\/wp-json\/wp\/v2\/comments?post=100959"}],"wp:featuredmedia":[{"embeddable":true,"href":"https:\/\/baldumarket.lt\/lt\/wp-json\/wp\/v2\/media\/100968"}],"wp:attachment":[{"href":"https:\/\/baldumarket.lt\/lt\/wp-json\/wp\/v2\/media?parent=100959"}],"wp:term":[{"taxonomy":"product_brand","embeddable":true,"href":"https:\/\/baldumarket.lt\/lt\/wp-json\/wp\/v2\/product_brand?post=100959"},{"taxonomy":"product_cat","embeddable":true,"href":"https:\/\/baldumarket.lt\/lt\/wp-json\/wp\/v2\/product_cat?post=100959"},{"taxonomy":"product_tag","embeddable":true,"href":"https:\/\/baldumarket.lt\/lt\/wp-json\/wp\/v2\/product_tag?post=100959"}],"curies":[{"name":"wp","href":"https:\/\/api.w.org\/{rel}","templated":true}]}}