{"id":100931,"date":"2025-12-07T20:03:13","date_gmt":"2025-12-07T17:03:13","guid":{"rendered":"https:\/\/baldumarket.lt\/?post_type=product&#038;p=100931"},"modified":"2026-02-11T02:16:35","modified_gmt":"2026-02-10T23:16:35","slug":"a-225-premium-gr-c","status":"publish","type":"product","link":"https:\/\/baldumarket.lt\/lt\/product\/a-225-premium-gr-c\/","title":{"rendered":"A-225 Premium Gr-C"},"content":{"rendered":"<p>Klasikin\u0117 ir labai populiari medin\u0117s k\u0117d\u0117s forma su trimis horizontaliomis faneros lentjuost\u0117mis, u\u017epildan\u010diomis atlo\u0161\u0105.<\/p>","protected":false},"excerpt":{"rendered":"<p>Klasikin\u0117 ir labai populiari medin\u0117s k\u0117d\u0117s forma su trimis horizontaliomis faneros lentjuost\u0117mis, u\u017epildan\u010diomis atlo\u0161\u0105.<\/p>","protected":false},"featured_media":100938,"comment_status":"open","ping_status":"closed","template":"","meta":[],"product_brand":[],"product_cat":[9133],"product_tag":[],"class_list":{"0":"post-100931","1":"product","2":"type-product","3":"status-publish","4":"has-post-thumbnail","6":"product_cat-grouped","8":"first","9":"instock","10":"shipping-taxable","11":"product-type-variable","12":"wvs-archive-product-wrapper"},"_links":{"self":[{"href":"https:\/\/baldumarket.lt\/lt\/wp-json\/wp\/v2\/product\/100931","targetHints":{"allow":["GET"]}}],"collection":[{"href":"https:\/\/baldumarket.lt\/lt\/wp-json\/wp\/v2\/product"}],"about":[{"href":"https:\/\/baldumarket.lt\/lt\/wp-json\/wp\/v2\/types\/product"}],"replies":[{"embeddable":true,"href":"https:\/\/baldumarket.lt\/lt\/wp-json\/wp\/v2\/comments?post=100931"}],"wp:featuredmedia":[{"embeddable":true,"href":"https:\/\/baldumarket.lt\/lt\/wp-json\/wp\/v2\/media\/100938"}],"wp:attachment":[{"href":"https:\/\/baldumarket.lt\/lt\/wp-json\/wp\/v2\/media?parent=100931"}],"wp:term":[{"taxonomy":"product_brand","embeddable":true,"href":"https:\/\/baldumarket.lt\/lt\/wp-json\/wp\/v2\/product_brand?post=100931"},{"taxonomy":"product_cat","embeddable":true,"href":"https:\/\/baldumarket.lt\/lt\/wp-json\/wp\/v2\/product_cat?post=100931"},{"taxonomy":"product_tag","embeddable":true,"href":"https:\/\/baldumarket.lt\/lt\/wp-json\/wp\/v2\/product_tag?post=100931"}],"curies":[{"name":"wp","href":"https:\/\/api.w.org\/{rel}","templated":true}]}}