{"id":100850,"date":"2025-12-07T19:56:01","date_gmt":"2025-12-07T16:56:01","guid":{"rendered":"https:\/\/baldumarket.lt\/?post_type=product&#038;p=100850"},"modified":"2026-04-12T00:52:17","modified_gmt":"2026-04-11T21:52:17","slug":"a-18-standard-gr-c","status":"publish","type":"product","link":"https:\/\/baldumarket.lt\/lt\/product\/a-18-standard-gr-c\/","title":{"rendered":"A-18 Standartinis Gr-C"},"content":{"rendered":"<p>18-oji k\u0117d\u0117 buvo sukurta 1876 m. Kartu su 14-\u0105ja, tai antrasis itin s\u0117kmingas Michaelo Thonet modelis, pasiek\u0119s pasaulin\u0119 s\u0117km\u0119. Nuo savo garsiojo giminai\u010dio ji skiriasi tik atlo\u0161o detale. K\u0117d\u0117 nuolat vertinama d\u0117l savo kokyb\u0117s ir patvarumo, kur\u012f lemia tradicinis rank\u0173 darbo lenkimo procesas.<\/p>","protected":false},"excerpt":{"rendered":"<p>18-oji k\u0117d\u0117 buvo sukurta 1876 m. Kartu su 14-\u0105ja, tai antrasis itin s\u0117kmingas Michaelo Thonet modelis, pasiek\u0119s pasaulin\u0119 s\u0117km\u0119. Nuo savo garsiojo giminai\u010dio ji skiriasi tik atlo\u0161o detale. K\u0117d\u0117 nuolat vertinama d\u0117l savo kokyb\u0117s ir patvarumo, kur\u012f lemia tradicinis rank\u0173 darbo lenkimo procesas.<\/p>","protected":false},"featured_media":100869,"comment_status":"open","ping_status":"closed","template":"","meta":[],"product_brand":[],"product_cat":[9133],"product_tag":[],"class_list":{"0":"post-100850","1":"product","2":"type-product","3":"status-publish","4":"has-post-thumbnail","6":"product_cat-grouped","8":"first","9":"instock","10":"shipping-taxable","11":"purchasable","12":"product-type-variable","13":"wvs-archive-product-wrapper"},"_links":{"self":[{"href":"https:\/\/baldumarket.lt\/lt\/wp-json\/wp\/v2\/product\/100850","targetHints":{"allow":["GET"]}}],"collection":[{"href":"https:\/\/baldumarket.lt\/lt\/wp-json\/wp\/v2\/product"}],"about":[{"href":"https:\/\/baldumarket.lt\/lt\/wp-json\/wp\/v2\/types\/product"}],"replies":[{"embeddable":true,"href":"https:\/\/baldumarket.lt\/lt\/wp-json\/wp\/v2\/comments?post=100850"}],"wp:featuredmedia":[{"embeddable":true,"href":"https:\/\/baldumarket.lt\/lt\/wp-json\/wp\/v2\/media\/100869"}],"wp:attachment":[{"href":"https:\/\/baldumarket.lt\/lt\/wp-json\/wp\/v2\/media?parent=100850"}],"wp:term":[{"taxonomy":"product_brand","embeddable":true,"href":"https:\/\/baldumarket.lt\/lt\/wp-json\/wp\/v2\/product_brand?post=100850"},{"taxonomy":"product_cat","embeddable":true,"href":"https:\/\/baldumarket.lt\/lt\/wp-json\/wp\/v2\/product_cat?post=100850"},{"taxonomy":"product_tag","embeddable":true,"href":"https:\/\/baldumarket.lt\/lt\/wp-json\/wp\/v2\/product_tag?post=100850"}],"curies":[{"name":"wp","href":"https:\/\/api.w.org\/{rel}","templated":true}]}}