{"id":100782,"date":"2025-12-07T19:49:08","date_gmt":"2025-12-07T16:49:08","guid":{"rendered":"https:\/\/baldumarket.lt\/?post_type=product&#038;p=100782"},"modified":"2026-04-12T00:52:17","modified_gmt":"2026-04-11T21:52:17","slug":"a-16-standard-gr-a","status":"publish","type":"product","link":"https:\/\/baldumarket.lt\/lt\/product\/a-16-standard-gr-a\/","title":{"rendered":"A-16 Standartinis Gr-A"},"content":{"rendered":"<p>A-16 k\u0117d\u0117 yra artimiausia garsiosios A-14 lenktos medienos k\u0117d\u0117s giminait\u0117, pagaminta naudojant t\u0105 pa\u010di\u0105 tradicin\u0119, rank\u0173 darbo lenkimo technik\u0105. Gaminamas ma\u017edaug nuo 1860 m., \u0161is modelis pasi\u017eymi labai moteri\u0161ku stiliumi d\u0117l dekoratyvaus, \u0161irdies formos buko stryp\u0173 i\u0161linkimo atlo\u0161e.<\/p>\n<p># baldai # klasika # paveldas # k\u0117d\u0117s \u201eSlothoneta\u201c<\/p>","protected":false},"excerpt":{"rendered":"<p>A-16 k\u0117d\u0117 yra artimiausia garsiosios A-14 lenktos medienos k\u0117d\u0117s giminait\u0117, pagaminta naudojant t\u0105 pa\u010di\u0105 tradicin\u0119, rank\u0173 darbo lenkimo technik\u0105. Gaminamas ma\u017edaug nuo 1860 m., \u0161is modelis pasi\u017eymi labai moteri\u0161ku stiliumi d\u0117l dekoratyvaus, \u0161irdies formos buko stryp\u0173 i\u0161linkimo atlo\u0161e. #furniture #classics #heritage #chairslothoneta<\/p>","protected":false},"featured_media":100806,"comment_status":"open","ping_status":"closed","template":"","meta":[],"product_brand":[],"product_cat":[9133],"product_tag":[],"class_list":{"0":"post-100782","1":"product","2":"type-product","3":"status-publish","4":"has-post-thumbnail","6":"product_cat-grouped","8":"first","9":"instock","10":"shipping-taxable","11":"purchasable","12":"product-type-variable","13":"wvs-archive-product-wrapper"},"_links":{"self":[{"href":"https:\/\/baldumarket.lt\/lt\/wp-json\/wp\/v2\/product\/100782","targetHints":{"allow":["GET"]}}],"collection":[{"href":"https:\/\/baldumarket.lt\/lt\/wp-json\/wp\/v2\/product"}],"about":[{"href":"https:\/\/baldumarket.lt\/lt\/wp-json\/wp\/v2\/types\/product"}],"replies":[{"embeddable":true,"href":"https:\/\/baldumarket.lt\/lt\/wp-json\/wp\/v2\/comments?post=100782"}],"wp:featuredmedia":[{"embeddable":true,"href":"https:\/\/baldumarket.lt\/lt\/wp-json\/wp\/v2\/media\/100806"}],"wp:attachment":[{"href":"https:\/\/baldumarket.lt\/lt\/wp-json\/wp\/v2\/media?parent=100782"}],"wp:term":[{"taxonomy":"product_brand","embeddable":true,"href":"https:\/\/baldumarket.lt\/lt\/wp-json\/wp\/v2\/product_brand?post=100782"},{"taxonomy":"product_cat","embeddable":true,"href":"https:\/\/baldumarket.lt\/lt\/wp-json\/wp\/v2\/product_cat?post=100782"},{"taxonomy":"product_tag","embeddable":true,"href":"https:\/\/baldumarket.lt\/lt\/wp-json\/wp\/v2\/product_tag?post=100782"}],"curies":[{"name":"wp","href":"https:\/\/api.w.org\/{rel}","templated":true}]}}