{"id":100778,"date":"2025-12-07T19:49:07","date_gmt":"2025-12-07T16:49:07","guid":{"rendered":"https:\/\/baldumarket.lt\/?post_type=product&#038;p=100778"},"modified":"2026-02-03T23:53:16","modified_gmt":"2026-02-03T20:53:16","slug":"a-14-premium-gr-l2","status":"publish","type":"product","link":"https:\/\/baldumarket.lt\/lt\/product\/a-14-premium-gr-l2\/","title":{"rendered":"A-14 Premium Gr-L2"},"content":{"rendered":"<p>14-oji k\u0117d\u0117 yra garsiausias ir labiausiai paplit\u0119s lenktos medienos k\u0117d\u0117s dizainas, gaminamas naudojant \u201eThonet\u201c technologij\u0105 nuo 1859 m. Demokratinio dizaino ikona, populiariausia k\u0117d\u0117 pasaulyje ir m\u0117gstamiausias Le Corbusier baldas. J\u0105 sudaro \u0161e\u0161i mediniai elementai: du apval\u016bs, du ties\u016bs ir du lenkti. Taip pat yra 10 var\u017et\u0173 ir dvi ver\u017el\u0117s. I\u0161 viso j\u0173 yra 14.<br \/>\nMed\u017eiaga: nat\u016bralus bukas<br \/>\nDizainas: Michael Thonet<br \/>\nMetai: 1859<\/p>","protected":false},"excerpt":{"rendered":"<p>14-oji k\u0117d\u0117 yra garsiausias ir labiausiai paplit\u0119s lenktos medienos k\u0117d\u0117s dizainas, gaminamas naudojant \u201eThonet\u201c technologij\u0105 nuo 1859 m. Demokratinio dizaino ikona, populiariausia k\u0117d\u0117 pasaulyje ir m\u0117gstamiausias Le Corbusier baldas. J\u0105 sudaro \u0161e\u0161i mediniai elementai: du apval\u016bs, du ties\u016bs ir du lenkti. Taip pat yra 10 var\u017et\u0173 [\u2026]<\/p>","protected":false},"featured_media":100773,"comment_status":"open","ping_status":"closed","template":"","meta":[],"product_brand":[],"product_cat":[9133],"product_tag":[],"class_list":{"0":"post-100778","1":"product","2":"type-product","3":"status-publish","4":"has-post-thumbnail","6":"product_cat-grouped","8":"first","9":"instock","10":"shipping-taxable","11":"purchasable","12":"product-type-variable","13":"wvs-archive-product-wrapper"},"_links":{"self":[{"href":"https:\/\/baldumarket.lt\/lt\/wp-json\/wp\/v2\/product\/100778","targetHints":{"allow":["GET"]}}],"collection":[{"href":"https:\/\/baldumarket.lt\/lt\/wp-json\/wp\/v2\/product"}],"about":[{"href":"https:\/\/baldumarket.lt\/lt\/wp-json\/wp\/v2\/types\/product"}],"replies":[{"embeddable":true,"href":"https:\/\/baldumarket.lt\/lt\/wp-json\/wp\/v2\/comments?post=100778"}],"wp:featuredmedia":[{"embeddable":true,"href":"https:\/\/baldumarket.lt\/lt\/wp-json\/wp\/v2\/media\/100773"}],"wp:attachment":[{"href":"https:\/\/baldumarket.lt\/lt\/wp-json\/wp\/v2\/media?parent=100778"}],"wp:term":[{"taxonomy":"product_brand","embeddable":true,"href":"https:\/\/baldumarket.lt\/lt\/wp-json\/wp\/v2\/product_brand?post=100778"},{"taxonomy":"product_cat","embeddable":true,"href":"https:\/\/baldumarket.lt\/lt\/wp-json\/wp\/v2\/product_cat?post=100778"},{"taxonomy":"product_tag","embeddable":true,"href":"https:\/\/baldumarket.lt\/lt\/wp-json\/wp\/v2\/product_tag?post=100778"}],"curies":[{"name":"wp","href":"https:\/\/api.w.org\/{rel}","templated":true}]}}