{"id":100733,"date":"2025-12-07T19:44:51","date_gmt":"2025-12-07T16:44:51","guid":{"rendered":"https:\/\/baldumarket.lt\/?post_type=product&#038;p=100733"},"modified":"2026-02-11T02:05:16","modified_gmt":"2026-02-10T23:05:16","slug":"a-1260-premium-gr-b","status":"publish","type":"product","link":"https:\/\/baldumarket.lt\/lt\/product\/a-1260-premium-gr-b\/","title":{"rendered":"A-1260 Premium Gr-B"},"content":{"rendered":"<p>A-1260 k\u0117d\u0117 da\u017enai vadinama banano formos k\u0117de d\u0117l savo faneros atlo\u0161o formos. K\u0117d\u0117s konstrukcija pagr\u012fsta tradiciniu buko medienos lankstymu rankomis.<\/p>","protected":false},"excerpt":{"rendered":"<p>A-1260 k\u0117d\u0117 da\u017enai vadinama banano formos k\u0117de d\u0117l savo faneros atlo\u0161o formos. K\u0117d\u0117s konstrukcija pagr\u012fsta tradiciniu buko medienos lankstymu rankomis.<\/p>","protected":false},"featured_media":100740,"comment_status":"open","ping_status":"closed","template":"","meta":[],"product_brand":[],"product_cat":[9133],"product_tag":[],"class_list":{"0":"post-100733","1":"product","2":"type-product","3":"status-publish","4":"has-post-thumbnail","6":"product_cat-grouped","8":"first","9":"instock","10":"shipping-taxable","11":"product-type-variable","12":"wvs-archive-product-wrapper"},"_links":{"self":[{"href":"https:\/\/baldumarket.lt\/lt\/wp-json\/wp\/v2\/product\/100733","targetHints":{"allow":["GET"]}}],"collection":[{"href":"https:\/\/baldumarket.lt\/lt\/wp-json\/wp\/v2\/product"}],"about":[{"href":"https:\/\/baldumarket.lt\/lt\/wp-json\/wp\/v2\/types\/product"}],"replies":[{"embeddable":true,"href":"https:\/\/baldumarket.lt\/lt\/wp-json\/wp\/v2\/comments?post=100733"}],"wp:featuredmedia":[{"embeddable":true,"href":"https:\/\/baldumarket.lt\/lt\/wp-json\/wp\/v2\/media\/100740"}],"wp:attachment":[{"href":"https:\/\/baldumarket.lt\/lt\/wp-json\/wp\/v2\/media?parent=100733"}],"wp:term":[{"taxonomy":"product_brand","embeddable":true,"href":"https:\/\/baldumarket.lt\/lt\/wp-json\/wp\/v2\/product_brand?post=100733"},{"taxonomy":"product_cat","embeddable":true,"href":"https:\/\/baldumarket.lt\/lt\/wp-json\/wp\/v2\/product_cat?post=100733"},{"taxonomy":"product_tag","embeddable":true,"href":"https:\/\/baldumarket.lt\/lt\/wp-json\/wp\/v2\/product_tag?post=100733"}],"curies":[{"name":"wp","href":"https:\/\/api.w.org\/{rel}","templated":true}]}}