{"id":100709,"date":"2025-12-07T19:43:02","date_gmt":"2025-12-07T16:43:02","guid":{"rendered":"https:\/\/baldumarket.lt\/?post_type=product&#038;p=100709"},"modified":"2026-02-03T23:53:22","modified_gmt":"2026-02-03T20:53:22","slug":"a-10-1-premium-gr-l2","status":"publish","type":"product","link":"https:\/\/baldumarket.lt\/lt\/product\/a-10-1-premium-gr-l2\/","title":{"rendered":"A-10\/1 Premium Gr-L2"},"content":{"rendered":"<p>A\u017e\u016briniai meistri\u0161kumo darbai<br \/>\nD\u0117l savo populiarumo ji u\u017esitarnavo pravard\u0119 \u201cbistro k\u0117d\u0117\u201d. Tai jauniausias garsiosios \u201c14-osios k\u0117d\u0117s\u201d, gaminamos nuo 1859 m., palikuonis ir tiesioginis \u0161ios klasikin\u0117s linijos palikuonis. Jos nesenstant\u012f paprastum\u0105 ir elegancij\u0105 pary\u0161kina rotango kilim\u0117lis s\u0117dyn\u0117je ir atlo\u0161e. Sud\u0117tinga apdaila buvo sukurta naudojant tradicines technikas, u\u017etikrinan\u010dias i\u0161skirtin\u012f patvarum\u0105.<\/p>","protected":false},"excerpt":{"rendered":"<p>A\u017e\u016brinis meistri\u0161kumas D\u0117l savo populiarumo ji u\u017esitarnavo pravard\u0119 \u201cbistro k\u0117d\u0117\u201d. Tai jauniausias garsiosios \u201c14-osios k\u0117d\u0117s\u201d, gaminamos nuo 1859 m., palikuonis ir tiesioginis \u0161ios klasikin\u0117s linijos palikuonis. Jos nesenstant\u012f paprastum\u0105 ir elegancij\u0105 pary\u0161kina rotango kilim\u0117lis s\u0117dyn\u0117je ir atlo\u0161e. Sud\u0117tinga apdaila [\u2026]<\/p>","protected":false},"featured_media":100710,"comment_status":"open","ping_status":"closed","template":"","meta":[],"product_brand":[],"product_cat":[9133],"product_tag":[],"class_list":{"0":"post-100709","1":"product","2":"type-product","3":"status-publish","4":"has-post-thumbnail","6":"product_cat-grouped","8":"first","9":"instock","10":"shipping-taxable","11":"purchasable","12":"product-type-variable","13":"wvs-archive-product-wrapper"},"_links":{"self":[{"href":"https:\/\/baldumarket.lt\/lt\/wp-json\/wp\/v2\/product\/100709","targetHints":{"allow":["GET"]}}],"collection":[{"href":"https:\/\/baldumarket.lt\/lt\/wp-json\/wp\/v2\/product"}],"about":[{"href":"https:\/\/baldumarket.lt\/lt\/wp-json\/wp\/v2\/types\/product"}],"replies":[{"embeddable":true,"href":"https:\/\/baldumarket.lt\/lt\/wp-json\/wp\/v2\/comments?post=100709"}],"wp:featuredmedia":[{"embeddable":true,"href":"https:\/\/baldumarket.lt\/lt\/wp-json\/wp\/v2\/media\/100710"}],"wp:attachment":[{"href":"https:\/\/baldumarket.lt\/lt\/wp-json\/wp\/v2\/media?parent=100709"}],"wp:term":[{"taxonomy":"product_brand","embeddable":true,"href":"https:\/\/baldumarket.lt\/lt\/wp-json\/wp\/v2\/product_brand?post=100709"},{"taxonomy":"product_cat","embeddable":true,"href":"https:\/\/baldumarket.lt\/lt\/wp-json\/wp\/v2\/product_cat?post=100709"},{"taxonomy":"product_tag","embeddable":true,"href":"https:\/\/baldumarket.lt\/lt\/wp-json\/wp\/v2\/product_tag?post=100709"}],"curies":[{"name":"wp","href":"https:\/\/api.w.org\/{rel}","templated":true}]}}