{"id":100646,"date":"2025-12-07T19:37:13","date_gmt":"2025-12-07T16:37:13","guid":{"rendered":"https:\/\/baldumarket.lt\/?post_type=product&#038;p=100646"},"modified":"2026-04-12T00:58:30","modified_gmt":"2026-04-11T21:58:30","slug":"a-10-standard","status":"publish","type":"product","link":"https:\/\/baldumarket.lt\/lt\/product\/a-10-standard\/","title":{"rendered":"A-10 Standartinis"},"content":{"rendered":"<p>D\u0117l savo populiarumo A-10 k\u0117d\u0117 u\u017esitarnavo pravard\u0119 \u201cbistro k\u0117d\u0117\u201d. Tai jauniausias garsiosios \u201c14-osios k\u0117d\u0117s\u201d, gaminamos nuo 1859 m., palikuonis. Ji tiesiogiai kilusi i\u0161 \u0161ios klasikin\u0117s linijos. Jos nesenstant\u012f paprastum\u0105 ir elegancij\u0105 pary\u0161kina rotango kilim\u0117lis s\u0117dyn\u0117je ir atlo\u0161e. Sud\u0117tinga apdaila yra tradici\u0161kai pagaminta, u\u017etikrinanti i\u0161skirtin\u012f jos patvarum\u0105.<\/p>","protected":false},"excerpt":{"rendered":"<p>D\u0117l savo populiarumo A-10 k\u0117d\u0117 u\u017esitarnavo pravard\u0119 \u201cbistro k\u0117d\u0117\u201d. Tai jauniausias garsiosios \u201c14-osios k\u0117d\u0117s\u201d, gaminamos nuo 1859 m., palikuonis. Ji tiesiogiai kilusi i\u0161 \u0161ios klasikin\u0117s linijos. Jos nesenstant\u012f paprastum\u0105 ir elegancij\u0105 pary\u0161kina rotango kilim\u0117lis s\u0117dyn\u0117je ir atlo\u0161e. Sud\u0117tinga apdaila tradici\u0161kai [\u2026]<\/p>","protected":false},"featured_media":100676,"comment_status":"open","ping_status":"closed","template":"","meta":[],"product_brand":[],"product_cat":[9133],"product_tag":[],"class_list":{"0":"post-100646","1":"product","2":"type-product","3":"status-publish","4":"has-post-thumbnail","6":"product_cat-grouped","8":"first","9":"instock","10":"shipping-taxable","11":"product-type-variable","12":"wvs-archive-product-wrapper"},"_links":{"self":[{"href":"https:\/\/baldumarket.lt\/lt\/wp-json\/wp\/v2\/product\/100646","targetHints":{"allow":["GET"]}}],"collection":[{"href":"https:\/\/baldumarket.lt\/lt\/wp-json\/wp\/v2\/product"}],"about":[{"href":"https:\/\/baldumarket.lt\/lt\/wp-json\/wp\/v2\/types\/product"}],"replies":[{"embeddable":true,"href":"https:\/\/baldumarket.lt\/lt\/wp-json\/wp\/v2\/comments?post=100646"}],"wp:featuredmedia":[{"embeddable":true,"href":"https:\/\/baldumarket.lt\/lt\/wp-json\/wp\/v2\/media\/100676"}],"wp:attachment":[{"href":"https:\/\/baldumarket.lt\/lt\/wp-json\/wp\/v2\/media?parent=100646"}],"wp:term":[{"taxonomy":"product_brand","embeddable":true,"href":"https:\/\/baldumarket.lt\/lt\/wp-json\/wp\/v2\/product_brand?post=100646"},{"taxonomy":"product_cat","embeddable":true,"href":"https:\/\/baldumarket.lt\/lt\/wp-json\/wp\/v2\/product_cat?post=100646"},{"taxonomy":"product_tag","embeddable":true,"href":"https:\/\/baldumarket.lt\/lt\/wp-json\/wp\/v2\/product_tag?post=100646"}],"curies":[{"name":"wp","href":"https:\/\/api.w.org\/{rel}","templated":true}]}}