{"id":100600,"date":"2025-12-07T18:29:54","date_gmt":"2025-12-07T15:29:54","guid":{"rendered":"https:\/\/baldumarket.lt\/?post_type=product&#038;p=100600"},"modified":"2026-04-22T08:55:20","modified_gmt":"2026-04-22T05:55:20","slug":"a-811-premium-gr-b","status":"publish","type":"product","link":"https:\/\/baldumarket.lt\/lt\/product\/a-811-premium-gr-b\/","title":{"rendered":"A-811 Premium Gr-B"},"content":{"rendered":"<p>811 k\u0117d\u0117 ir fotelis yra \u201cam\u017einai \u017ealiuojantys\u201d augalai, kuri\u0173 i\u0161takos siekia XX a. 4-\u0105j\u012f de\u0161imtmet\u012f. Originalus dizainas priskiriamas Josephui Hoffmanui, Oswaldui Haerdtlui arba Josefui Frankui. \u0160is universalus ir ikoni\u0161kas modelis yra lygaus, apmu\u0161to ir matinio pavir\u0161iaus.<\/p>","protected":false},"excerpt":{"rendered":"<p>811 k\u0117d\u0117 ir fotelis yra \u201cam\u017einai \u017ealiuojantys\u201d augalai, kuri\u0173 i\u0161takos siekia XX a. 4-\u0105j\u012f de\u0161imtmet\u012f. Originalus dizainas priskiriamas Josephui Hoffmanui, Oswaldui Haerdtlui arba Josefui Frankui. \u0160is universalus ir ikoni\u0161kas modelis yra lygaus, apmu\u0161to ir matinio pavir\u0161iaus.<\/p>","protected":false},"featured_media":101146,"comment_status":"open","ping_status":"closed","template":"","meta":[],"product_brand":[],"product_cat":[9133],"product_tag":[],"class_list":{"0":"post-100600","1":"product","2":"type-product","3":"status-publish","4":"has-post-thumbnail","6":"product_cat-grouped","8":"first","9":"instock","10":"shipping-taxable","11":"purchasable","12":"product-type-variable","13":"wvs-archive-product-wrapper"},"_links":{"self":[{"href":"https:\/\/baldumarket.lt\/lt\/wp-json\/wp\/v2\/product\/100600","targetHints":{"allow":["GET"]}}],"collection":[{"href":"https:\/\/baldumarket.lt\/lt\/wp-json\/wp\/v2\/product"}],"about":[{"href":"https:\/\/baldumarket.lt\/lt\/wp-json\/wp\/v2\/types\/product"}],"replies":[{"embeddable":true,"href":"https:\/\/baldumarket.lt\/lt\/wp-json\/wp\/v2\/comments?post=100600"}],"wp:featuredmedia":[{"embeddable":true,"href":"https:\/\/baldumarket.lt\/lt\/wp-json\/wp\/v2\/media\/101146"}],"wp:attachment":[{"href":"https:\/\/baldumarket.lt\/lt\/wp-json\/wp\/v2\/media?parent=100600"}],"wp:term":[{"taxonomy":"product_brand","embeddable":true,"href":"https:\/\/baldumarket.lt\/lt\/wp-json\/wp\/v2\/product_brand?post=100600"},{"taxonomy":"product_cat","embeddable":true,"href":"https:\/\/baldumarket.lt\/lt\/wp-json\/wp\/v2\/product_cat?post=100600"},{"taxonomy":"product_tag","embeddable":true,"href":"https:\/\/baldumarket.lt\/lt\/wp-json\/wp\/v2\/product_tag?post=100600"}],"curies":[{"name":"wp","href":"https:\/\/api.w.org\/{rel}","templated":true}]}}