{"id":340921,"date":"2026-04-30T20:03:05","date_gmt":"2026-04-30T17:03:05","guid":{"rendered":"https:\/\/baldumarket.lt\/?page_id=340921"},"modified":"2026-04-30T20:10:53","modified_gmt":"2026-04-30T17:10:53","slug":"collections","status":"publish","type":"page","link":"https:\/\/baldumarket.lt\/lt\/collections\/","title":{"rendered":"Kolekcijos"},"content":{"rendered":"<p><\/p>\n\n\n <form class=\"collsearch\" method=\"get\" action=\"\">\r\n <input type=\"text\" name=\"wscn_s\" value=\"\" placeholder=\"Ie\u0161koti kolekcijose...\">\r\n <button type=\"submit\">Ie\u0161koti<\/button>\r\n <input type=\"hidden\" name=\"trp-form-language\" value=\"lt\"\/><\/form>\r\n\r\n <div class=\"wscn-grid\">\r\n  <a href=\"https:\/\/baldumarket.lt\/lt\/product-category\/meble-wojcik\/furniture-system-cut-out-wojcik-meble\/\" class=\"wscn-node\" style=\"text-decoration:none;display:block;text-align:center;\">\r\n <div class=\"collcard\" style=\"aspect-ratio:16\/9;overflow:hidden;border:1px solid #ddd;border-radius:10px;background:#fff;\">\r\n  <img decoding=\"async\" src=\"https:\/\/baldumarket.lt\/wp-content\/uploads\/2026\/04\/MW_CUT_OUT-5-1-e1765822451552.webp\" alt=\"Bald\u0173 sistema CUT OUT Wojcik Meble\" class=\"wscn-img\">\r\n  <\/div>\r\n <div class=\"collcardtxt\">\r\n Bald\u0173 sistema CUT OUT Wojcik Meble <\/div>\r\n <\/a>\r\n  <a href=\"https:\/\/baldumarket.lt\/lt\/product-category\/piaski\/furniture-system-nordi-piaski\/\" class=\"wscn-node\" style=\"text-decoration:none;display:block;text-align:center;\">\r\n <div class=\"collcard\" style=\"aspect-ratio:16\/9;overflow:hidden;border:1px solid #ddd;border-radius:10px;background:#fff;\">\r\n  <img decoding=\"async\" src=\"https:\/\/baldumarket.lt\/wp-content\/uploads\/2026\/01\/nordi-1.jpg\" alt=\"Bald\u0173 sistema NORDI Piaski\" class=\"wscn-img\">\r\n  <\/div>\r\n <div class=\"collcardtxt\">\r\n Bald\u0173 sistema NORDI Piaski <\/div>\r\n <\/a>\r\n  <a href=\"https:\/\/baldumarket.lt\/lt\/product-category\/meble-wojcik\/furniture-system-perazzo-wojcik-meble\/\" class=\"wscn-node\" style=\"text-decoration:none;display:block;text-align:center;\">\r\n <div class=\"collcard\" style=\"aspect-ratio:16\/9;overflow:hidden;border:1px solid #ddd;border-radius:10px;background:#fff;\">\r\n  <img decoding=\"async\" src=\"https:\/\/baldumarket.lt\/wp-content\/uploads\/2026\/04\/MW_PERAZZO.webp\" alt=\"Bald\u0173 sistema PERAZZO Wojcik Meble\" class=\"wscn-img\">\r\n  <\/div>\r\n <div class=\"collcardtxt\">\r\n Bald\u0173 sistema PERAZZO Wojcik Meble <\/div>\r\n <\/a>\r\n  <\/div>\r\n\r\n  <div class=\"wscn-pagination\" style=\"margin-top:30px;display:flex;gap:8px;flex-wrap:wrap;\">\r\n  <a href=\"https:\/\/baldumarket.lt\/lt\/collections\/page\/1\/?wscn_s\" style=\"padding:8px 12px;border:1px solid #ccc;border-radius:6px;text-decoration:none;background:#111;color:#fff;\">\r\n 1 <\/a>\r\n  <a href=\"https:\/\/baldumarket.lt\/lt\/collections\/page\/2\/?wscn_s\" style=\"padding:8px 12px;border:1px solid #ccc;border-radius:6px;text-decoration:none;\">\r\n 2 <\/a>\r\n  <\/div>","protected":false},"excerpt":{"rendered":"Ie\u0161koti Bald\u0173 sistema CUT OUT Wojcik Meble Bald\u0173 sistema NORDI Piaski Bald\u0173 sistema PERAZZO Wojcik Meble 1 2","protected":false},"author":1,"featured_media":0,"parent":0,"menu_order":0,"comment_status":"closed","ping_status":"closed","template":"","meta":{"footnotes":""},"class_list":["post-340921","page","type-page","status-publish","hentry"],"_links":{"self":[{"href":"https:\/\/baldumarket.lt\/lt\/wp-json\/wp\/v2\/pages\/340921","targetHints":{"allow":["GET"]}}],"collection":[{"href":"https:\/\/baldumarket.lt\/lt\/wp-json\/wp\/v2\/pages"}],"about":[{"href":"https:\/\/baldumarket.lt\/lt\/wp-json\/wp\/v2\/types\/page"}],"author":[{"embeddable":true,"href":"https:\/\/baldumarket.lt\/lt\/wp-json\/wp\/v2\/users\/1"}],"replies":[{"embeddable":true,"href":"https:\/\/baldumarket.lt\/lt\/wp-json\/wp\/v2\/comments?post=340921"}],"version-history":[{"count":5,"href":"https:\/\/baldumarket.lt\/lt\/wp-json\/wp\/v2\/pages\/340921\/revisions"}],"predecessor-version":[{"id":340928,"href":"https:\/\/baldumarket.lt\/lt\/wp-json\/wp\/v2\/pages\/340921\/revisions\/340928"}],"wp:attachment":[{"href":"https:\/\/baldumarket.lt\/lt\/wp-json\/wp\/v2\/media?parent=340921"}],"curies":[{"name":"wp","href":"https:\/\/api.w.org\/{rel}","templated":true}]}}