{"id":257883,"date":"2026-01-12T19:06:13","date_gmt":"2026-01-12T16:06:13","guid":{"rendered":"https:\/\/baldumarket.lt\/?page_id=257883"},"modified":"2026-01-14T14:40:20","modified_gmt":"2026-01-14T11:40:20","slug":"return-policy","status":"publish","type":"page","link":"https:\/\/baldumarket.lt\/lt\/return-policy\/","title":{"rendered":"Gr\u0105\u017einimo politika"},"content":{"rendered":"<div class=\"wpb-content-wrapper\"><div class=\"vc_row wpb_row vc_row-fluid vc-col-no-pt g5core__vc-width-1200\"><div class=\"lg-col-pd-left-right-15 wpb_column vc_column_container vc_col-sm-12 vc_col-lg-offset-1 vc_col-lg-10 vc_col-md-12\"><div class=\"vc_column-inner vc_custom_1620201097599\"><div class=\"wpb_wrapper\"><div class=\"gel-space gel-9a039ba10eeb0cd000d82a030d971208\"><\/div><div class=\"gel-heading gel-heading-style-02 text-center\">\n\t\t<h2 class=\"gel-heading-title gel-b491f81d5b4f3fe9ad1d38b244eb7532\">\n\t\tGr\u0105\u017einimo politika\t<\/h2>\n\t<\/div><div class=\"gel-space gel-5f208d8ca00afa151f6fb0a0615e8453\"><\/div>\n\t<div class=\"wpb_text_column wpb_content_element\" >\n\t\t<div class=\"wpb_wrapper\">\n\t\t\t<p>Ar pasteb\u0117jote defekt\u0105 \u012fsigij\u0119 baldus? K\u0105 reikia daryti.<\/p>\n<p>Nufotografuokite nekokybi\u0161k\u0105, pa\u017eeist\u0105 daikt\u0105 ar bald\u0105 ir nusi\u0173skite nuotrauk\u0105 el. pa\u0161tu adresu baldumarkets@gmail.com kartu su sutarties numeriu ir trumpu defekto apra\u0161ymu arba skambinkite kokyb\u0117s skyriui telefonu +37062154137 (kokyb\u0117s skyriaus darbo laikas darbo dienomis nuo 8:00 iki 17:00).<\/p>\n<p>Tikim\u0117s, kad tai pad\u0117s mums kuo grei\u010diau i\u0161spr\u0119sti visus j\u016bs\u0173 kilusius nepatogumus. Apie sprendim\u0105 jus informuosime nedelsdami.<\/p>\n<p>Kokybi\u0161k\u0173 preki\u0173 gr\u0105\u017einimas vykdomas LR Civilinio kodekso 6.228-10 ir 6.228-11 straipsniuose numatyta tvarka. Nuoroda \u012f straipsn\u012f: NUORODA<\/p>\n<p>Pirk\u0117jas turi teis\u0119 gr\u0105\u017einti internetu \u012fsigyt\u0105 prek\u0119, prane\u0161damas Pardav\u0117jui ra\u0161tu (el. pa\u0161tu e-baldumarkets@gmail.com, nurodant pageidaujam\u0105 prek\u0117s gr\u0105\u017einim\u0105 ir jos u\u017esakymo numer\u012f) ne v\u0117liau kaip per 365 (tris \u0161imtus \u0161e\u0161iasde\u0161imt penkias) dienas nuo prek\u0117s pristatymo dienos.<br \/>\nGr\u0105\u017eindamas prek\u0119, Pirk\u0117jas privalo laikytis \u0161i\u0173 s\u0105lyg\u0173:<br \/>\n1. Gr\u0105\u017einama prek\u0117 turi b\u016bti originalioje, tvarkingoje pakuot\u0117je.;<br \/>\n2. Pirk\u0117jas neturi pa\u017eeisti prek\u0117s;<br \/>\n3. Prek\u0117 turi b\u016bti nenaudota ir tvarkinga (nepa\u017eeistos etiket\u0117s, nenupl\u0117\u0161tos apsaugin\u0117s pl\u0117vel\u0117s ir kt.) (\u0161i s\u0105lyga netaikoma gr\u0105\u017einant nekokybi\u0161kas prekes);<br \/>\n4. Gr\u0105\u017einama prek\u0117 turi b\u016bti toje pa\u010dioje pakuot\u0117je, kurioje j\u0105 gavo Pirk\u0117jas.;<br \/>\n5. Gr\u0105\u017einant prek\u0119, b\u016btina pateikti pirkimo dokument\u0105, garantin\u0119 kortel\u0119 (jei tokia yra) ir u\u017epildyti gr\u0105\u017einimo dokument\u0105.<br \/>\nPardav\u0117jas turi teis\u0119 nepriimti Pirk\u0117jo gr\u0105\u017einam\u0173 preki\u0173, jei Pirk\u0117jas nesilaiko \u0161iame straipsnyje nustatytos gr\u0105\u017einimo tvarkos.<br \/>\nPirk\u0117jas gr\u0105\u017einam\u0105 prek\u0119 nurodytu adresu gali pristatyti pats arba i\u0161si\u0173sti j\u0105 naudodamasis savo pasirinkto kurjerio ar Pardav\u0117jo paslaugomis. Jei prek\u0117s gr\u0105\u017einamos remiantis \u0161iose taisykl\u0117se numatyta Pirk\u0117jo teise gr\u0105\u017einti prekes, Pirk\u0117jas padengia preki\u0173 gr\u0105\u017einimo i\u0161laidas. Pardav\u0117jo \u012fkainiai u\u017e prek\u0117s gr\u0105\u017einim\u0105 yra tokie patys, kaip ir perkant prek\u0119. Gr\u0105\u017einant netinkam\u0105 ar nekokybi\u0161k\u0105 prek\u0119, Pardav\u0117jas \u012fsipareigoja pasiimti toki\u0105 prek\u0119, pakeisti j\u0105 analogi\u0161ka preke ir padengti prek\u0117s gr\u0105\u017einimo i\u0161laidas. Jei Pardav\u0117jas neturi analogi\u0161kos prek\u0117s, jis privalo gr\u0105\u017einti Pirk\u0117jui u\u017e prek\u0119 sumok\u0117tus pinigus.<br \/>\nPinigai u\u017e gr\u0105\u017eintas prekes visada pervedami mok\u0117jimo pavedimu ir tik \u012f mok\u0117tojo banko s\u0105skait\u0105.<\/p>\n<p>Gaminiai, kurie buvo pagaminti pagal kliento u\u017esakym\u0105, t. y. kei\u010diant baldo dyd\u012f, pagaminant mink\u0161tus baldus su pasirinktu audiniu. Jei tai neatitinka standartin\u0117s prek\u0117s i\u0161vaizdos, jos negalima gr\u0105\u017einti ar keisti. I\u0161ankstinis mok\u0117jimas negr\u0105\u017einamas.<\/p>\n<p>Vartotoj\u0173 gin\u010dus ne teismo tvarka sprend\u017eia Valstybin\u0117 vartotoj\u0173 teisi\u0173 apsaugos tarnyba (Go\u0161tauto g. 12, Vilnius, www.vvtat.lt). Vartotojas taip pat gali pateikti u\u017eklausas ar skundus d\u0117l galim\u0173 vartotoj\u0173 teisi\u0173 pa\u017eeidim\u0173 elektronin\u0117je vartotoj\u0173 gin\u010d\u0173 sprendimo platformoje. https:\/\/vtis.lt\/portal\/#\/<\/p>\n\n\t\t<\/div>\n\t<\/div>\n<\/div><\/div><\/div><\/div>\n<\/div>","protected":false},"excerpt":{"rendered":"Gr\u0105\u017einimo politika Ar pasteb\u0117jote defekt\u0105 \u012fsigij\u0119 bald\u0105? K\u0105 daryti. Nufotografuokite nekokybi\u0161k\u0105, pa\u017eeist\u0105 prek\u0119 ar bald\u0105 ir nusi\u0173skite nuotrauk\u0105 el. pa\u0161tu adresu baldumarkets@gmail.com kartu su sutarties numeriu ir trumpu defekto apra\u0161ymu arba skambinkite kokyb\u0117s skyriui telefonu [...]","protected":false},"author":1,"featured_media":0,"parent":0,"menu_order":0,"comment_status":"closed","ping_status":"closed","template":"","meta":{"footnotes":""},"class_list":["post-257883","page","type-page","status-publish","hentry"],"_links":{"self":[{"href":"https:\/\/baldumarket.lt\/lt\/wp-json\/wp\/v2\/pages\/257883","targetHints":{"allow":["GET"]}}],"collection":[{"href":"https:\/\/baldumarket.lt\/lt\/wp-json\/wp\/v2\/pages"}],"about":[{"href":"https:\/\/baldumarket.lt\/lt\/wp-json\/wp\/v2\/types\/page"}],"author":[{"embeddable":true,"href":"https:\/\/baldumarket.lt\/lt\/wp-json\/wp\/v2\/users\/1"}],"replies":[{"embeddable":true,"href":"https:\/\/baldumarket.lt\/lt\/wp-json\/wp\/v2\/comments?post=257883"}],"version-history":[{"count":4,"href":"https:\/\/baldumarket.lt\/lt\/wp-json\/wp\/v2\/pages\/257883\/revisions"}],"predecessor-version":[{"id":275760,"href":"https:\/\/baldumarket.lt\/lt\/wp-json\/wp\/v2\/pages\/257883\/revisions\/275760"}],"wp:attachment":[{"href":"https:\/\/baldumarket.lt\/lt\/wp-json\/wp\/v2\/media?parent=257883"}],"curies":[{"name":"wp","href":"https:\/\/api.w.org\/{rel}","templated":true}]}}