{"id":257876,"date":"2026-01-12T18:37:03","date_gmt":"2026-01-12T15:37:03","guid":{"rendered":"https:\/\/baldumarket.lt\/?page_id=257876"},"modified":"2026-02-09T18:19:04","modified_gmt":"2026-02-09T15:19:04","slug":"delivery-terms","status":"publish","type":"page","link":"https:\/\/baldumarket.lt\/lt\/delivery-terms\/","title":{"rendered":"Pristatymo s\u0105lygos"},"content":{"rendered":"<div class=\"wpb-content-wrapper\"><div class=\"vc_row wpb_row vc_row-fluid vc-col-no-pt g5core__vc-width-1200\"><div class=\"lg-col-pd-left-right-15 wpb_column vc_column_container vc_col-sm-12 vc_col-lg-offset-1 vc_col-lg-10 vc_col-md-12\"><div class=\"vc_column-inner vc_custom_1620201097599\"><div class=\"wpb_wrapper\"><div class=\"gel-space gel-9a039ba10eeb0cd000d82a030d971208\"><\/div><div class=\"gel-heading gel-heading-style-02 text-center\">\n\t\t<h2 class=\"gel-heading-title gel-b491f81d5b4f3fe9ad1d38b244eb7532\">\n\t\tPristatymo s\u0105lygos\t<\/h2>\n\t<\/div><div class=\"gel-space gel-5f208d8ca00afa151f6fb0a0615e8453\"><\/div>\n\t<div class=\"wpb_text_column wpb_content_element\" >\n\t\t<div class=\"wpb_wrapper\">\n\t\t\t<p><span data-sheets-root=\"1\">Pristatymas<\/span><\/p>\n<p>M\u016bs\u0173 parduotuv\u0117je \u012fsigyti baldai bus pristatyti Jums per 10 (de\u0161imt) \u2013 45 (keturiasde\u0161imt penkias) darbo dienas nuo u\u017esakymo patvirtinimo ir apmok\u0117jimo datos.<br \/>\nAtkreipkite d\u0117mes\u012f, kad kai kurioms pristatymo datoms reikalingas atskiras prane\u0161imas. \u017dinoma, negalime garantuoti, kad gamintojas visada tur\u0117s j\u016bs\u0173 baldus paruo\u0161tus iki nurodyto termino, tod\u0117l apie galimus v\u0117lavimus prane\u0161ime jums telefonu. Ta\u010diau tai nutinka itin retai. Gav\u0119 baldus i\u0161 gamintojo, prane\u0161ime jums el. pa\u0161tu. Pristatymo dat\u0105 patvirtinsime telefonu, kai j\u016bs\u0173 baldai bus paruo\u0161ti siuntimui.<br \/>\nBaldus galite nemokamai atsiimti m\u016bs\u0173 parduotuv\u0117je Vilniuje.<br \/>\nD\u0117l bald\u0173 pristatymo \u012f kitus miestus pra\u0161ome susisiekti telefonu: +37062154137 arba el. pa\u0161tu \u2013<br \/>\nbaldumarkets@gmail.com Prek\u0117s pristatomos ir i\u0161kraunamos toje vietoje, kur kurjeris gali atvykti ar\u010diausiai nurodyto adreso nepa\u017eeisdamas Keli\u0173 eismo taisykli\u0173.<br \/>\nJei Jums reikalingas pristatymas, susisiekite su \u017eemiau nurodytais kontaktiniais asmenimis. U\u017esakant pristatymo paslaug\u0105, bald\u0173 pristatymo laikas gali pailg\u0117ti, priklausomai nuo bald\u0173 i\u0161ve\u017eimo grafiko skirtinguose regionuose.<\/p>\n<p>Jei Jums reikalingas bald\u0173 pristatymas, j\u012f galima u\u017esisakyti u\u017e papildom\u0105 mokest\u012f. Nor\u0117dami patikslinti pristatymo kain\u0105, susisiekite su mumis el. pa\u0161tu: baldumarkets@gmail.com arba telefonu +37062154137.<\/p>\n<p>Pristatymo laikas gali b\u016bti \u0161iek tiek ilgesnis nei nurodytas apytikslis laikas, priklausomai nuo preki\u0173 gavimo sand\u0117lyje datos ir j\u0173 pristatymo \u012f \u0161iuos regionus grafiko sutapimo.<\/p>\n\n\t\t<\/div>\n\t<\/div>\n<\/div><\/div><\/div><\/div>\n<\/div>","protected":false},"excerpt":{"rendered":"Pristatymo s\u0105lygos Pristatymas M\u016bs\u0173 parduotuv\u0117je \u012fsigyti baldai bus pristatyti Jums per 10 (de\u0161imt) \u2013 45 (keturiasde\u0161imt penkias) darbo dienas nuo u\u017esakymo patvirtinimo ir apmok\u0117jimo datos. Atkreipkite d\u0117mes\u012f, kad kai kurioms pristatymo datoms reikalingas atskiras prane\u0161imas. \u017dinoma, negalime garantuoti, kad gamintojas visada tur\u0117s paruo\u0161tus J\u016bs\u0173 baldus [...]","protected":false},"author":1,"featured_media":0,"parent":0,"menu_order":0,"comment_status":"closed","ping_status":"closed","template":"","meta":{"footnotes":""},"class_list":["post-257876","page","type-page","status-publish","hentry"],"_links":{"self":[{"href":"https:\/\/baldumarket.lt\/lt\/wp-json\/wp\/v2\/pages\/257876","targetHints":{"allow":["GET"]}}],"collection":[{"href":"https:\/\/baldumarket.lt\/lt\/wp-json\/wp\/v2\/pages"}],"about":[{"href":"https:\/\/baldumarket.lt\/lt\/wp-json\/wp\/v2\/types\/page"}],"author":[{"embeddable":true,"href":"https:\/\/baldumarket.lt\/lt\/wp-json\/wp\/v2\/users\/1"}],"replies":[{"embeddable":true,"href":"https:\/\/baldumarket.lt\/lt\/wp-json\/wp\/v2\/comments?post=257876"}],"version-history":[{"count":6,"href":"https:\/\/baldumarket.lt\/lt\/wp-json\/wp\/v2\/pages\/257876\/revisions"}],"predecessor-version":[{"id":330690,"href":"https:\/\/baldumarket.lt\/lt\/wp-json\/wp\/v2\/pages\/257876\/revisions\/330690"}],"wp:attachment":[{"href":"https:\/\/baldumarket.lt\/lt\/wp-json\/wp\/v2\/media?parent=257876"}],"curies":[{"name":"wp","href":"https:\/\/api.w.org\/{rel}","templated":true}]}}