{"id":257870,"date":"2026-01-12T17:02:31","date_gmt":"2026-01-12T14:02:31","guid":{"rendered":"https:\/\/baldumarket.lt\/?page_id=257870"},"modified":"2026-02-10T00:06:01","modified_gmt":"2026-02-09T21:06:01","slug":"payment","status":"publish","type":"page","link":"https:\/\/baldumarket.lt\/lt\/payment\/","title":{"rendered":"Mok\u0117jimas"},"content":{"rendered":"<div class=\"wpb-content-wrapper\"><div class=\"vc_row wpb_row vc_row-fluid vc-col-no-pt g5core__vc-width-1200\"><div class=\"lg-col-pd-left-right-15 wpb_column vc_column_container vc_col-sm-12 vc_col-lg-offset-1 vc_col-lg-10 vc_col-md-12\"><div class=\"vc_column-inner vc_custom_1620201097599\"><div class=\"wpb_wrapper\"><div class=\"gel-space gel-9a039ba10eeb0cd000d82a030d971208\"><\/div><div class=\"gel-heading gel-heading-style-02 text-center\">\n\t\t<h2 class=\"gel-heading-title gel-b491f81d5b4f3fe9ad1d38b244eb7532\">\n\t\tMok\u0117jimas\t<\/h2>\n\t<\/div><div class=\"gel-space gel-5f208d8ca00afa151f6fb0a0615e8453\"><\/div>\n\t<div class=\"wpb_text_column wpb_content_element\" >\n\t\t<div class=\"wpb_wrapper\">\n\t\t\t<p>Suderinus pasirinkt\u0173 preki\u0173 specifikacij\u0105, i\u0161ra\u0161oma s\u0105skaita apmok\u0117jimui.<br \/>\nGalite mok\u0117ti vienu i\u0161 \u0161i\u0173 b\u016bd\u0173:<\/p>\n<ol>\n<li style=\"margin-left: 30px;\">Banko pavedimu \u012f organizacijos banko s\u0105skait\u0105.<\/li>\n<li style=\"margin-left: 30px;\">Grynaisiais arba kortele m\u016bs\u0173 parduotuv\u0117je adresu:<\/li>\n<li style=\"margin-left: 30px; list-style-type: none;\"><span class=\"p1-1bab095bc11b-span p1-1bab095bc11b-text002\">Kalvarij\u0173 g. 125, Vilnius , PC Bald\u0173 Rojus, 3 auk\u0161tas.<\/span><\/li>\n<\/ol>\n<p>Apmok\u0117jimas u\u017e pateikt\u0105 u\u017esakym\u0105 atliekamas dviem etapais.<br \/>\n1 etapas. 30% avansinis \u012fna\u0161as nuo bendros u\u017esakymo sumos.<br \/>\n2 etapas. Likusi\u0105 sum\u0105 ( visos Preki\u0173 kainos ir avansinio \u012fna\u0161o skirtum\u0105) , gavus prane\u0161im\u0105, kad prek\u0117s paruo\u0161tos atsi\u0117mimui.<\/p>\n\n\t\t<\/div>\n\t<\/div>\n<\/div><\/div><\/div><\/div>\n<\/div>","protected":false},"excerpt":{"rendered":"Mok\u0117jimas Suderinus pasirinkt\u0173 preki\u0173 specifikacij\u0105, i\u0161ra\u0161oma s\u0105skaita fakt\u016bra apmok\u0117jimui. Apmok\u0117ti galite vienu i\u0161 \u0161i\u0173 b\u016bd\u0173: Banko pavedimu \u012f organizacijos banko s\u0105skait\u0105. Grynaisiais pinigais ir kortele m\u016bs\u0173 parduotuv\u0117je adresu: Kalvarij\u0173 g. 125, Vilnius, PC Bald\u0173 Rojus, 3 auk\u0161tas. Apmok\u0117jimas u\u017e [...]","protected":false},"author":1,"featured_media":0,"parent":0,"menu_order":0,"comment_status":"closed","ping_status":"closed","template":"","meta":{"footnotes":""},"class_list":["post-257870","page","type-page","status-publish","hentry"],"_links":{"self":[{"href":"https:\/\/baldumarket.lt\/lt\/wp-json\/wp\/v2\/pages\/257870","targetHints":{"allow":["GET"]}}],"collection":[{"href":"https:\/\/baldumarket.lt\/lt\/wp-json\/wp\/v2\/pages"}],"about":[{"href":"https:\/\/baldumarket.lt\/lt\/wp-json\/wp\/v2\/types\/page"}],"author":[{"embeddable":true,"href":"https:\/\/baldumarket.lt\/lt\/wp-json\/wp\/v2\/users\/1"}],"replies":[{"embeddable":true,"href":"https:\/\/baldumarket.lt\/lt\/wp-json\/wp\/v2\/comments?post=257870"}],"version-history":[{"count":6,"href":"https:\/\/baldumarket.lt\/lt\/wp-json\/wp\/v2\/pages\/257870\/revisions"}],"predecessor-version":[{"id":330692,"href":"https:\/\/baldumarket.lt\/lt\/wp-json\/wp\/v2\/pages\/257870\/revisions\/330692"}],"wp:attachment":[{"href":"https:\/\/baldumarket.lt\/lt\/wp-json\/wp\/v2\/media?parent=257870"}],"curies":[{"name":"wp","href":"https:\/\/api.w.org\/{rel}","templated":true}]}}