{"id":316306,"date":"2026-01-16T08:52:32","date_gmt":"2026-01-16T05:52:32","guid":{"rendered":"https:\/\/baldumarket.lt\/product\/szafka-gorna-niska-gleboka-60-cm-stillo-artisan-dustgrey-60-nagu-36-1f\/"},"modified":"2026-03-23T13:00:26","modified_gmt":"2026-03-23T10:00:26","slug":"szafka-gorna-niska-gleboka-60-cm-stillo-artisan-dustgrey-60-nagu-36-1f","status":"publish","type":"product","link":"https:\/\/baldumarket.lt\/en\/product\/szafka-gorna-niska-gleboka-60-cm-stillo-artisan-dustgrey-60-nagu-36-1f\/","title":{"rendered":"\u017dema gili vir\u0161utin\u0117 spintel\u0117 60 cm Stillo artisan\/dulki\u0173 pilka 60 NAGU-36 1F"},"content":{"rendered":"<h5><span style=\"color: #54859b\">Visit our virtual store of the Stolarz-Lempert brand<\/span><\/h5>\n<p> <a href=\"http:\/\/spacer.lempert.pl\/\" target=\"_blank\" rel=\"noopener\"><span style=\"color: #e47025\">http:\/\/spacer.lempert.pl\/<\/span><\/a><\/p>\n<p>The Stillo kitchen is a set of classic and stylish furniture that will fit into any interior.<br \/>\nThe kitchen has dozens of cabinets from which you can create your own set.<br \/>\nThe set includes:<br \/>\nhigh-quality MDF fronts<br \/>\nlaminated board bodies<br \/>\nsoft-close fronts<br \/>\npremium box drawers with soft-close<br \/>\nspacious cabinets<br \/>\ncabinets mounted on legless bodies<br \/>\nartisan oak plinths included<br \/>\ntall uprights<br \/>\n2.8 cm or 3.8 cm thick countertops made using post-forging technology with an ergonomically rounded front &#8211; optional<br \/>\nKitchen specifications:<br \/>\nFronts: 16mm MDF, dust grey with a milling cut &#8211; 1mm ABS edge (&#8220;dirty&#8221; grey)<br \/>\nHandles: 96 &#8211; 2342 metal<br \/>\nBodies: 16mm laminated board, artisan oak &#8211; melamine edge<br \/>\n60 cm deep low upper cabinet, Stillo artisan\/dust grey 60 NAGU-36 1F.<\/p>\n","protected":false},"excerpt":{"rendered":"<p>Front Type: Laminated Board\/MDF\/Lacquered MDF<br \/>\nKitchen Color: Dirty Gray<br \/>\nKitchen Style: Classic, Stylish<br \/>\nFront Type: Laminated Board\/MDF\/Lacquered MDF<\/p>\n","protected":false},"featured_media":316307,"comment_status":"open","ping_status":"open","template":"","meta":[],"product_brand":[],"product_cat":[9234,9118],"product_tag":[],"class_list":{"0":"post-316306","1":"product","2":"type-product","3":"status-publish","4":"has-post-thumbnail","6":"product_cat-stolarz-lempert","7":"product_cat-kitchen-cabinets","9":"first","10":"instock","11":"purchasable","12":"product-type-simple"},"_links":{"self":[{"href":"https:\/\/baldumarket.lt\/en\/wp-json\/wp\/v2\/product\/316306","targetHints":{"allow":["GET"]}}],"collection":[{"href":"https:\/\/baldumarket.lt\/en\/wp-json\/wp\/v2\/product"}],"about":[{"href":"https:\/\/baldumarket.lt\/en\/wp-json\/wp\/v2\/types\/product"}],"replies":[{"embeddable":true,"href":"https:\/\/baldumarket.lt\/en\/wp-json\/wp\/v2\/comments?post=316306"}],"wp:featuredmedia":[{"embeddable":true,"href":"https:\/\/baldumarket.lt\/en\/wp-json\/wp\/v2\/media\/316307"}],"wp:attachment":[{"href":"https:\/\/baldumarket.lt\/en\/wp-json\/wp\/v2\/media?parent=316306"}],"wp:term":[{"taxonomy":"product_brand","embeddable":true,"href":"https:\/\/baldumarket.lt\/en\/wp-json\/wp\/v2\/product_brand?post=316306"},{"taxonomy":"product_cat","embeddable":true,"href":"https:\/\/baldumarket.lt\/en\/wp-json\/wp\/v2\/product_cat?post=316306"},{"taxonomy":"product_tag","embeddable":true,"href":"https:\/\/baldumarket.lt\/en\/wp-json\/wp\/v2\/product_tag?post=316306"}],"curies":[{"name":"wp","href":"https:\/\/api.w.org\/{rel}","templated":true}]}}